{"id":3243,"date":"2025-05-22T22:49:48","date_gmt":"2025-05-22T20:49:48","guid":{"rendered":"https:\/\/despetitsboutsdumonde.fr\/?page_id=3243"},"modified":"2025-08-03T18:30:52","modified_gmt":"2025-08-03T16:30:52","slug":"meridienne-verte","status":"publish","type":"page","link":"https:\/\/despetitsboutsdumonde.fr\/index.php\/grands-itineraires-en-velo\/meridienne-verte\/","title":{"rendered":"M\u00e9ridienne verte"},"content":{"rendered":"\n<p><strong>Mon jeu<\/strong> : Traverser la France du Nord au Sud en suivant au plus proche la m\u00e9ridienne verte.<\/p>\n\n\n\n<p><strong>D\u00e9marr\u00e9 le 8 mai 2025<\/strong><\/p>\n\n\n\n<p><strong>R\u00e9alis\u00e9<\/strong> : <br>Dunkerque &#8211; Paris &#8211; Bourges &#8211; Saint-Paul-des-Landes, <br>984,5 km, 9615 m D+, 11 jours<br><\/p>\n\n\n\n<figure class=\"wp-block-image size-full\"><img loading=\"lazy\" decoding=\"async\" width=\"1794\" height=\"1210\" src=\"https:\/\/despetitsboutsdumonde.fr\/wp-content\/uploads\/2025\/05\/Capture-decran-2025-05-08-a-08.44.36.png\" alt=\"\" class=\"wp-image-3247\" srcset=\"https:\/\/despetitsboutsdumonde.fr\/wp-content\/uploads\/2025\/05\/Capture-decran-2025-05-08-a-08.44.36.png 1794w, https:\/\/despetitsboutsdumonde.fr\/wp-content\/uploads\/2025\/05\/Capture-decran-2025-05-08-a-08.44.36-300x202.png 300w, https:\/\/despetitsboutsdumonde.fr\/wp-content\/uploads\/2025\/05\/Capture-decran-2025-05-08-a-08.44.36-1024x691.png 1024w, https:\/\/despetitsboutsdumonde.fr\/wp-content\/uploads\/2025\/05\/Capture-decran-2025-05-08-a-08.44.36-768x518.png 768w, https:\/\/despetitsboutsdumonde.fr\/wp-content\/uploads\/2025\/05\/Capture-decran-2025-05-08-a-08.44.36-1536x1036.png 1536w\" sizes=\"auto, (max-width: 767px) 89vw, (max-width: 1000px) 54vw, (max-width: 1071px) 543px, 580px\" \/><\/figure>\n\n\n\n<figure class=\"wp-block-image size-large\"><img loading=\"lazy\" decoding=\"async\" width=\"1024\" height=\"1024\" src=\"https:\/\/despetitsboutsdumonde.fr\/wp-content\/uploads\/2025\/08\/Capture-decran-2025-07-31-a-10.03.11-1024x1024.png\" alt=\"\" class=\"wp-image-3283\" srcset=\"https:\/\/despetitsboutsdumonde.fr\/wp-content\/uploads\/2025\/08\/Capture-decran-2025-07-31-a-10.03.11-1024x1024.png 1024w, https:\/\/despetitsboutsdumonde.fr\/wp-content\/uploads\/2025\/08\/Capture-decran-2025-07-31-a-10.03.11-300x300.png 300w, https:\/\/despetitsboutsdumonde.fr\/wp-content\/uploads\/2025\/08\/Capture-decran-2025-07-31-a-10.03.11-150x150.png 150w, https:\/\/despetitsboutsdumonde.fr\/wp-content\/uploads\/2025\/08\/Capture-decran-2025-07-31-a-10.03.11-768x768.png 768w, https:\/\/despetitsboutsdumonde.fr\/wp-content\/uploads\/2025\/08\/Capture-decran-2025-07-31-a-10.03.11-100x100.png 100w, https:\/\/despetitsboutsdumonde.fr\/wp-content\/uploads\/2025\/08\/Capture-decran-2025-07-31-a-10.03.11.png 1234w\" sizes=\"auto, (max-width: 767px) 89vw, (max-width: 1000px) 54vw, (max-width: 1071px) 543px, 580px\" \/><\/figure>\n\n\n<div class=\"jalbum-block aligncenter\"><div data-jalbum='{\"albumurl\":\"\\\/europe\\\/France\\\/MV-2025-05-0811-DunkerqueParis\",\"ar\":25,\"linktoindex\":true,\"type\":\"strip\",\"layout\":6,\"titletemplate\":\"&lt;h4&gt;${title|name}&lt;\\\/h4&gt;\"}' style=\"padding-bottom:25%;\"><\/div><\/div>\n\n<div class=\"jalbum-block aligncenter\"><div data-jalbum='{\"albumurl\":\"\\\/europe\\\/France\\\/2025-0529-0601-MV-Paris-Bourges\",\"ar\":25,\"linktoindex\":true,\"type\":\"strip\",\"layout\":6,\"titletemplate\":\"&lt;h4&gt;${title|name}&lt;\\\/h4&gt;\"}' style=\"padding-bottom:25%;\"><\/div><\/div>\n\n<div class=\"jalbum-block aligncenter\"><div data-jalbum='{\"albumurl\":\"\\\/europe\\\/France\\\/2025-07-2528-MV-BourgesSaintPauldesLandes\",\"ar\":25,\"linktoindex\":true,\"type\":\"strip\",\"layout\":6,\"titletemplate\":\"&lt;h4&gt;${title|name}&lt;\\\/h4&gt;\"}' style=\"padding-bottom:25%;\"><\/div><\/div>","protected":false},"excerpt":{"rendered":"<p>Mon jeu : Traverser la France du Nord au Sud en suivant au plus proche la m\u00e9ridienne verte. D\u00e9marr\u00e9 le 8 mai 2025 R\u00e9alis\u00e9 : Dunkerque &#8211; Paris &#8211; Bourges &#8211; Saint-Paul-des-Landes, 984,5 km, 9615 m D+, 11 jours<\/p>\n","protected":false},"author":1,"featured_media":0,"parent":2838,"menu_order":2,"comment_status":"open","ping_status":"closed","template":"","meta":{"footnotes":""},"class_list":["post-3243","page","type-page","status-publish","hentry"],"_links":{"self":[{"href":"https:\/\/despetitsboutsdumonde.fr\/index.php\/wp-json\/wp\/v2\/pages\/3243","targetHints":{"allow":["GET"]}}],"collection":[{"href":"https:\/\/despetitsboutsdumonde.fr\/index.php\/wp-json\/wp\/v2\/pages"}],"about":[{"href":"https:\/\/despetitsboutsdumonde.fr\/index.php\/wp-json\/wp\/v2\/types\/page"}],"author":[{"embeddable":true,"href":"https:\/\/despetitsboutsdumonde.fr\/index.php\/wp-json\/wp\/v2\/users\/1"}],"replies":[{"embeddable":true,"href":"https:\/\/despetitsboutsdumonde.fr\/index.php\/wp-json\/wp\/v2\/comments?post=3243"}],"version-history":[{"count":8,"href":"https:\/\/despetitsboutsdumonde.fr\/index.php\/wp-json\/wp\/v2\/pages\/3243\/revisions"}],"predecessor-version":[{"id":3285,"href":"https:\/\/despetitsboutsdumonde.fr\/index.php\/wp-json\/wp\/v2\/pages\/3243\/revisions\/3285"}],"up":[{"embeddable":true,"href":"https:\/\/despetitsboutsdumonde.fr\/index.php\/wp-json\/wp\/v2\/pages\/2838"}],"wp:attachment":[{"href":"https:\/\/despetitsboutsdumonde.fr\/index.php\/wp-json\/wp\/v2\/media?parent=3243"}],"curies":[{"name":"wp","href":"https:\/\/api.w.org\/{rel}","templated":true}]}}