{"id":2838,"date":"2022-07-12T22:45:35","date_gmt":"2022-07-12T20:45:35","guid":{"rendered":"https:\/\/despetitsboutsdumonde.fr\/?page_id=2838"},"modified":"2025-05-22T23:10:00","modified_gmt":"2025-05-22T21:10:00","slug":"grands-itineraires-en-velo","status":"publish","type":"page","link":"https:\/\/despetitsboutsdumonde.fr\/index.php\/grands-itineraires-en-velo\/","title":{"rendered":"Grands itin\u00e9raires en v\u00e9lo"},"content":{"rendered":"\n<p><a href=\"https:\/\/despetitsboutsdumonde.fr\/index.php\/grands-itineraires-en-velo\/meridienne-verte\/\">M\u00e9ridienne Verte (D\u00e9but\u00e9 en 2025)<\/a><\/p>\n\n\n\n<figure class=\"wp-block-image size-medium\"><img loading=\"lazy\" decoding=\"async\" width=\"300\" height=\"268\" src=\"https:\/\/despetitsboutsdumonde.fr\/wp-content\/uploads\/2025\/05\/image-300x268.png\" alt=\"\" class=\"wp-image-3248\" srcset=\"https:\/\/despetitsboutsdumonde.fr\/wp-content\/uploads\/2025\/05\/image-300x268.png 300w, https:\/\/despetitsboutsdumonde.fr\/wp-content\/uploads\/2025\/05\/image-768x686.png 768w, https:\/\/despetitsboutsdumonde.fr\/wp-content\/uploads\/2025\/05\/image.png 1024w\" sizes=\"auto, (max-width: 300px) 100vw, 300px\" \/><\/figure>\n\n\n\n<div class=\"wp-block-group\"><div class=\"wp-block-group__inner-container is-layout-flow wp-block-group-is-layout-flow\">\n<div class=\"wp-block-columns is-layout-flex wp-container-core-columns-is-layout-9d6595d7 wp-block-columns-is-layout-flex\">\n<div class=\"wp-block-column is-layout-flow wp-block-column-is-layout-flow\" style=\"flex-basis:100%\">\n<p><a href=\"https:\/\/despetitsboutsdumonde.fr\/index.php\/grands-itineraires-en-velo\/projet-velo\/\">Projet VELO (2022-2024)<\/a><\/p>\n\n\n\n<figure class=\"wp-block-image size-medium\"><img loading=\"lazy\" decoding=\"async\" width=\"300\" height=\"279\" src=\"https:\/\/despetitsboutsdumonde.fr\/wp-content\/uploads\/2024\/08\/Capture-decran-2024-08-18-a-22.59.00-300x279.png\" alt=\"\" class=\"wp-image-3138\" srcset=\"https:\/\/despetitsboutsdumonde.fr\/wp-content\/uploads\/2024\/08\/Capture-decran-2024-08-18-a-22.59.00-300x279.png 300w, https:\/\/despetitsboutsdumonde.fr\/wp-content\/uploads\/2024\/08\/Capture-decran-2024-08-18-a-22.59.00-1024x954.png 1024w, https:\/\/despetitsboutsdumonde.fr\/wp-content\/uploads\/2024\/08\/Capture-decran-2024-08-18-a-22.59.00-768x715.png 768w, https:\/\/despetitsboutsdumonde.fr\/wp-content\/uploads\/2024\/08\/Capture-decran-2024-08-18-a-22.59.00.png 1458w\" sizes=\"auto, (max-width: 300px) 100vw, 300px\" \/><\/figure>\n\n\n\n<p><a href=\"https:\/\/despetitsboutsdumonde.fr\/index.php\/grands-itineraires-en-velo\/15-2\/\">Tour de la France en v\u00e9lo au plus proche des fronti\u00e8res (2019-2021)<\/a> <\/p>\n\n\n\n<figure class=\"wp-block-image size-medium\"><img loading=\"lazy\" decoding=\"async\" width=\"300\" height=\"300\" src=\"https:\/\/despetitsboutsdumonde.fr\/wp-content\/uploads\/2021\/08\/IMG_4968-2-300x300.jpg\" alt=\"\" class=\"wp-image-1570\" srcset=\"https:\/\/despetitsboutsdumonde.fr\/wp-content\/uploads\/2021\/08\/IMG_4968-2-300x300.jpg 300w, https:\/\/despetitsboutsdumonde.fr\/wp-content\/uploads\/2021\/08\/IMG_4968-2-1024x1024.jpg 1024w, https:\/\/despetitsboutsdumonde.fr\/wp-content\/uploads\/2021\/08\/IMG_4968-2-150x150.jpg 150w, https:\/\/despetitsboutsdumonde.fr\/wp-content\/uploads\/2021\/08\/IMG_4968-2-768x769.jpg 768w, https:\/\/despetitsboutsdumonde.fr\/wp-content\/uploads\/2021\/08\/IMG_4968-2-100x100.jpg 100w, https:\/\/despetitsboutsdumonde.fr\/wp-content\/uploads\/2021\/08\/IMG_4968-2.jpg 1517w\" sizes=\"auto, (max-width: 300px) 100vw, 300px\" \/><\/figure>\n<\/div>\n<\/div>\n<\/div><\/div>\n","protected":false},"excerpt":{"rendered":"<p>M\u00e9ridienne Verte (D\u00e9but\u00e9 en 2025) Projet VELO (2022-2024) Tour de la France en v\u00e9lo au plus proche des fronti\u00e8res (2019-2021)<\/p>\n","protected":false},"author":1,"featured_media":0,"parent":0,"menu_order":-1,"comment_status":"closed","ping_status":"closed","template":"","meta":{"footnotes":""},"class_list":["post-2838","page","type-page","status-publish","hentry"],"_links":{"self":[{"href":"https:\/\/despetitsboutsdumonde.fr\/index.php\/wp-json\/wp\/v2\/pages\/2838","targetHints":{"allow":["GET"]}}],"collection":[{"href":"https:\/\/despetitsboutsdumonde.fr\/index.php\/wp-json\/wp\/v2\/pages"}],"about":[{"href":"https:\/\/despetitsboutsdumonde.fr\/index.php\/wp-json\/wp\/v2\/types\/page"}],"author":[{"embeddable":true,"href":"https:\/\/despetitsboutsdumonde.fr\/index.php\/wp-json\/wp\/v2\/users\/1"}],"replies":[{"embeddable":true,"href":"https:\/\/despetitsboutsdumonde.fr\/index.php\/wp-json\/wp\/v2\/comments?post=2838"}],"version-history":[{"count":9,"href":"https:\/\/despetitsboutsdumonde.fr\/index.php\/wp-json\/wp\/v2\/pages\/2838\/revisions"}],"predecessor-version":[{"id":3258,"href":"https:\/\/despetitsboutsdumonde.fr\/index.php\/wp-json\/wp\/v2\/pages\/2838\/revisions\/3258"}],"wp:attachment":[{"href":"https:\/\/despetitsboutsdumonde.fr\/index.php\/wp-json\/wp\/v2\/media?parent=2838"}],"curies":[{"name":"wp","href":"https:\/\/api.w.org\/{rel}","templated":true}]}}